{"id":5,"date":"2014-03-31T23:57:34","date_gmt":"2014-03-31T21:57:34","guid":{"rendered":"http:\/\/www.gaddvikostra.se\/?page_id=5"},"modified":"2021-04-08T12:36:56","modified_gmt":"2021-04-08T10:36:56","slug":"gaddvik-ostra-samfallighetsforening","status":"publish","type":"page","link":"https:\/\/www.gaddvikostra.se\/","title":{"rendered":"Om f\u00f6reningen"},"content":{"rendered":"<p>G\u00e4ddvik \u00d6stra samf\u00e4llighetsf\u00f6rening bildades 2013.<\/p>\n<p>F\u00f6reningen sk\u00f6ter gemensamma gr\u00f6nomr\u00e5den, v\u00e4gar, bryggor.<\/p>\n<p>F\u00f6reningen finns p\u00e5 Norra Finn\u00f6 i Sankt Anna Sk\u00e4rg\u00e5rd.<\/p>\n","protected":false},"excerpt":{"rendered":"<p>G\u00e4ddvik \u00d6stra samf\u00e4llighetsf\u00f6rening bildades 2013. F\u00f6reningen sk\u00f6ter gemensamma gr\u00f6nomr\u00e5den, v\u00e4gar, bryggor. F\u00f6reningen finns p\u00e5 Norra Finn\u00f6 i Sankt Anna Sk\u00e4rg\u00e5rd.<\/p>\n","protected":false},"author":1,"featured_media":0,"parent":0,"menu_order":0,"comment_status":"open","ping_status":"open","template":"","meta":{"footnotes":""},"_links":{"self":[{"href":"https:\/\/www.gaddvikostra.se\/index.php?rest_route=\/wp\/v2\/pages\/5"}],"collection":[{"href":"https:\/\/www.gaddvikostra.se\/index.php?rest_route=\/wp\/v2\/pages"}],"about":[{"href":"https:\/\/www.gaddvikostra.se\/index.php?rest_route=\/wp\/v2\/types\/page"}],"author":[{"embeddable":true,"href":"https:\/\/www.gaddvikostra.se\/index.php?rest_route=\/wp\/v2\/users\/1"}],"replies":[{"embeddable":true,"href":"https:\/\/www.gaddvikostra.se\/index.php?rest_route=%2Fwp%2Fv2%2Fcomments&post=5"}],"version-history":[{"count":6,"href":"https:\/\/www.gaddvikostra.se\/index.php?rest_route=\/wp\/v2\/pages\/5\/revisions"}],"predecessor-version":[{"id":344,"href":"https:\/\/www.gaddvikostra.se\/index.php?rest_route=\/wp\/v2\/pages\/5\/revisions\/344"}],"wp:attachment":[{"href":"https:\/\/www.gaddvikostra.se\/index.php?rest_route=%2Fwp%2Fv2%2Fmedia&parent=5"}],"curies":[{"name":"wp","href":"https:\/\/api.w.org\/{rel}","templated":true}]}}